{"id":933,"date":"2021-11-17T13:40:20","date_gmt":"2021-11-17T12:40:20","guid":{"rendered":"https:\/\/oktogon.com\/wp\/?page_id=933"},"modified":"2022-05-06T20:51:39","modified_gmt":"2022-05-06T18:51:39","slug":"winsps","status":"publish","type":"page","link":"https:\/\/oktogon.com\/wp\/winsps\/","title":{"rendered":"WinSPS"},"content":{"rendered":"\t\t<div data-elementor-type=\"wp-page\" data-elementor-id=\"933\" class=\"elementor elementor-933\">\n\t\t\t\t\t\t\t\t\t<section class=\"elementor-section elementor-top-section elementor-element elementor-element-4a638e0 elementor-section-boxed elementor-section-height-default elementor-section-height-default\" data-id=\"4a638e0\" data-element_type=\"section\">\n\t\t\t\t\t\t<div class=\"elementor-container elementor-column-gap-default\">\n\t\t\t\t\t<div class=\"elementor-column elementor-col-100 elementor-top-column elementor-element elementor-element-56e4693\" data-id=\"56e4693\" data-element_type=\"column\">\n\t\t\t<div class=\"elementor-widget-wrap elementor-element-populated\">\n\t\t\t\t\t\t\t\t<div class=\"elementor-element elementor-element-3f5e584 elementor--h-position-center elementor--v-position-middle elementor-arrows-position-inside elementor-pagination-position-inside elementor-widget elementor-widget-slides\" data-id=\"3f5e584\" data-element_type=\"widget\" data-settings=\"{&quot;navigation&quot;:&quot;both&quot;,&quot;autoplay&quot;:&quot;yes&quot;,&quot;pause_on_hover&quot;:&quot;yes&quot;,&quot;pause_on_interaction&quot;:&quot;yes&quot;,&quot;autoplay_speed&quot;:5000,&quot;infinite&quot;:&quot;yes&quot;,&quot;transition&quot;:&quot;slide&quot;,&quot;transition_speed&quot;:500}\" data-widget_type=\"slides.default\">\n\t\t\t\t<div class=\"elementor-widget-container\">\n\t\t\t<style>\/*! elementor-pro - v3.11.1 - 15-02-2023 *\/\n.elementor-slides .swiper-slide-bg{background-size:cover;background-position:50%;background-repeat:no-repeat;min-width:100%;min-height:100%}.elementor-slides .swiper-slide-inner{background-repeat:no-repeat;background-position:50%;position:absolute;top:0;left:0;bottom:0;right:0;padding:50px;margin:auto}.elementor-slides .swiper-slide-inner,.elementor-slides .swiper-slide-inner:hover{color:#fff;display:flex}.elementor-slides .swiper-slide-inner .elementor-background-overlay{position:absolute;z-index:0;top:0;bottom:0;left:0;right:0}.elementor-slides .swiper-slide-inner .elementor-slide-content{position:relative;z-index:1;width:100%}.elementor-slides .swiper-slide-inner .elementor-slide-heading{font-size:35px;font-weight:700;line-height:1}.elementor-slides .swiper-slide-inner .elementor-slide-description{font-size:17px;line-height:1.4}.elementor-slides .swiper-slide-inner .elementor-slide-description:not(:last-child),.elementor-slides .swiper-slide-inner .elementor-slide-heading:not(:last-child){margin-bottom:30px}.elementor-slides .swiper-slide-inner .elementor-slide-button{border:2px solid #fff;color:#fff;background:transparent;display:inline-block}.elementor-slides .swiper-slide-inner .elementor-slide-button,.elementor-slides .swiper-slide-inner .elementor-slide-button:hover{background:transparent;color:inherit;text-decoration:none}.elementor--v-position-top .swiper-slide-inner{align-items:flex-start}.elementor--v-position-bottom .swiper-slide-inner{align-items:flex-end}.elementor--v-position-middle .swiper-slide-inner{align-items:center}.elementor--h-position-left .swiper-slide-inner{justify-content:flex-start}.elementor--h-position-right .swiper-slide-inner{justify-content:flex-end}.elementor--h-position-center .swiper-slide-inner{justify-content:center}body.rtl .elementor-widget-slides .elementor-swiper-button-next{left:10px;right:auto}body.rtl .elementor-widget-slides .elementor-swiper-button-prev{right:10px;left:auto}.elementor-slides-wrapper div:not(.swiper-slide)>.swiper-slide-inner{display:none}@media (max-width:767px){.elementor-slides .swiper-slide-inner{padding:30px}.elementor-slides .swiper-slide-inner .elementor-slide-heading{font-size:23px;line-height:1;margin-bottom:15px}.elementor-slides .swiper-slide-inner .elementor-slide-description{font-size:13px;line-height:1.4;margin-bottom:15px}}<\/style>\t\t<div class=\"elementor-swiper\">\n\t\t\t<div class=\"elementor-slides-wrapper elementor-main-swiper swiper-container\" dir=\"ltr\" data-animation=\"fadeInUp\">\n\t\t\t\t<div class=\"swiper-wrapper elementor-slides\">\n\t\t\t\t\t\t\t\t\t\t<div class=\"elementor-repeater-item-4fe0b66 swiper-slide\"><div class=\"swiper-slide-bg\"><\/div><div class=\"swiper-slide-inner\" ><div class=\"swiper-slide-contents\"><div class=\"elementor-slide-heading\">WinSPS<\/div><div class=\"elementor-slide-description\">SPS-Programme auf dem PC entwickeln<\/div><\/div><\/div><\/div>\t\t\t\t<\/div>\n\t\t\t\t\t\t\t<\/div>\n\t\t<\/div>\n\t\t\t\t<\/div>\n\t\t\t\t<\/div>\n\t\t\t\t<div class=\"elementor-element elementor-element-352f84b elementor-widget elementor-widget-text-editor\" data-id=\"352f84b\" data-element_type=\"widget\" data-widget_type=\"text-editor.default\">\n\t\t\t\t<div class=\"elementor-widget-container\">\n\t\t\t<style>\/*! elementor - v3.11.1 - 15-02-2023 *\/\n.elementor-widget-text-editor.elementor-drop-cap-view-stacked .elementor-drop-cap{background-color:#818a91;color:#fff}.elementor-widget-text-editor.elementor-drop-cap-view-framed .elementor-drop-cap{color:#818a91;border:3px solid;background-color:transparent}.elementor-widget-text-editor:not(.elementor-drop-cap-view-default) .elementor-drop-cap{margin-top:8px}.elementor-widget-text-editor:not(.elementor-drop-cap-view-default) .elementor-drop-cap-letter{width:1em;height:1em}.elementor-widget-text-editor .elementor-drop-cap{float:left;text-align:center;line-height:1;font-size:50px}.elementor-widget-text-editor .elementor-drop-cap-letter{display:inline-block}<\/style>\t\t\t\t<p><b>Version 1.5<\/b><\/p><p>WinSPS ist ein Programmiersystem f\u00fcr speicherprogrammierbare Steuerungen (SPS). Es l\u00e4uft unter Windows und ist an die Programmiersprache Step-5 angelehnt. WinSPS erlaubt die Programmierung, Diagnose und Simulation einer SPS. Durch den leistungsf\u00e4higen Simulator ist WinSPS auch f\u00fcr die Aus- und Weiterbildung geeignet. WinSPS wird durch Treiber an die verschiedenen AGs angepasst. Eigene AG sind auch f\u00fcr den Anwender erstellbar. WinSPS ist die ideale Erg\u00e4nzung zu DOS-AG.<\/p>\t\t\t\t\t\t<\/div>\n\t\t\t\t<\/div>\n\t\t\t\t<div class=\"elementor-element elementor-element-a47ee87 elementor-widget elementor-widget-image\" data-id=\"a47ee87\" data-element_type=\"widget\" data-widget_type=\"image.default\">\n\t\t\t\t<div class=\"elementor-widget-container\">\n\t\t\t<style>\/*! elementor - v3.11.1 - 15-02-2023 *\/\n.elementor-widget-image{text-align:center}.elementor-widget-image a{display:inline-block}.elementor-widget-image a img[src$=\".svg\"]{width:48px}.elementor-widget-image img{vertical-align:middle;display:inline-block}<\/style>\t\t\t\t\t\t\t\t\t\t\t\t<img decoding=\"async\" width=\"500\" height=\"362\" src=\"https:\/\/oktogon.com\/wp\/wp-content\/uploads\/2022\/03\/WinSPS.gif\" class=\"attachment-large size-large wp-image-1203\" alt=\"\" loading=\"lazy\" \/>\t\t\t\t\t\t\t\t\t\t\t\t\t\t\t<\/div>\n\t\t\t\t<\/div>\n\t\t\t\t<div class=\"elementor-element elementor-element-d9a5eba elementor-align-center elementor-widget elementor-widget-button\" data-id=\"d9a5eba\" data-element_type=\"widget\" data-widget_type=\"button.default\">\n\t\t\t\t<div class=\"elementor-widget-container\">\n\t\t\t\t\t<div class=\"elementor-button-wrapper\">\n\t\t\t<a href=\"https:\/\/oktogon.com\/wp\/kontakt\/\" class=\"elementor-button-link elementor-button elementor-size-md\" role=\"button\">\n\t\t\t\t\t\t<span class=\"elementor-button-content-wrapper\">\n\t\t\t\t\t\t<span class=\"elementor-button-text\">Jetzt Download anfragen<\/span>\n\t\t<\/span>\n\t\t\t\t\t<\/a>\n\t\t<\/div>\n\t\t\t\t<\/div>\n\t\t\t\t<\/div>\n\t\t\t\t<div class=\"elementor-element elementor-element-e5808c1 elementor-widget elementor-widget-spacer\" data-id=\"e5808c1\" data-element_type=\"widget\" data-widget_type=\"spacer.default\">\n\t\t\t\t<div class=\"elementor-widget-container\">\n\t\t\t<style>\/*! elementor - v3.11.1 - 15-02-2023 *\/\n.elementor-column .elementor-spacer-inner{height:var(--spacer-size)}.e-con{--container-widget-width:100%}.e-con-inner>.elementor-widget-spacer,.e-con>.elementor-widget-spacer{width:var(--container-widget-width,var(--spacer-size));--align-self:var(--container-widget-align-self,initial);--flex-shrink:0}.e-con-inner>.elementor-widget-spacer>.elementor-widget-container,.e-con-inner>.elementor-widget-spacer>.elementor-widget-container>.elementor-spacer,.e-con>.elementor-widget-spacer>.elementor-widget-container,.e-con>.elementor-widget-spacer>.elementor-widget-container>.elementor-spacer{height:100%}.e-con-inner>.elementor-widget-spacer>.elementor-widget-container>.elementor-spacer>.elementor-spacer-inner,.e-con>.elementor-widget-spacer>.elementor-widget-container>.elementor-spacer>.elementor-spacer-inner{height:var(--container-widget-height,var(--spacer-size))}<\/style>\t\t<div class=\"elementor-spacer\">\n\t\t\t<div class=\"elementor-spacer-inner\"><\/div>\n\t\t<\/div>\n\t\t\t\t<\/div>\n\t\t\t\t<\/div>\n\t\t\t\t\t<\/div>\n\t\t<\/div>\n\t\t\t\t\t\t\t<\/div>\n\t\t<\/section>\n\t\t\t\t<section class=\"elementor-section elementor-top-section elementor-element elementor-element-c70a67c elementor-section-boxed elementor-section-height-default elementor-section-height-default\" data-id=\"c70a67c\" data-element_type=\"section\" data-settings=\"{&quot;background_background&quot;:&quot;classic&quot;}\">\n\t\t\t\t\t\t<div class=\"elementor-container elementor-column-gap-default\">\n\t\t\t\t\t<div class=\"elementor-column elementor-col-100 elementor-top-column elementor-element elementor-element-c37544c\" data-id=\"c37544c\" data-element_type=\"column\">\n\t\t\t<div class=\"elementor-widget-wrap elementor-element-populated\">\n\t\t\t\t\t\t\t\t<div class=\"elementor-element elementor-element-48b3629 elementor-widget elementor-widget-spacer\" data-id=\"48b3629\" data-element_type=\"widget\" data-widget_type=\"spacer.default\">\n\t\t\t\t<div class=\"elementor-widget-container\">\n\t\t\t\t\t<div class=\"elementor-spacer\">\n\t\t\t<div class=\"elementor-spacer-inner\"><\/div>\n\t\t<\/div>\n\t\t\t\t<\/div>\n\t\t\t\t<\/div>\n\t\t\t\t<div class=\"elementor-element elementor-element-574b81b elementor-widget elementor-widget-heading\" data-id=\"574b81b\" data-element_type=\"widget\" data-widget_type=\"heading.default\">\n\t\t\t\t<div class=\"elementor-widget-container\">\n\t\t\t<style>\/*! elementor - v3.11.1 - 15-02-2023 *\/\n.elementor-heading-title{padding:0;margin:0;line-height:1}.elementor-widget-heading .elementor-heading-title[class*=elementor-size-]>a{color:inherit;font-size:inherit;line-height:inherit}.elementor-widget-heading .elementor-heading-title.elementor-size-small{font-size:15px}.elementor-widget-heading .elementor-heading-title.elementor-size-medium{font-size:19px}.elementor-widget-heading .elementor-heading-title.elementor-size-large{font-size:29px}.elementor-widget-heading .elementor-heading-title.elementor-size-xl{font-size:39px}.elementor-widget-heading .elementor-heading-title.elementor-size-xxl{font-size:59px}<\/style><h2 class=\"elementor-heading-title elementor-size-default\">Detail Informationen<\/h2>\t\t<\/div>\n\t\t\t\t<\/div>\n\t\t\t\t<div class=\"elementor-element elementor-element-81630f3 elementor-widget elementor-widget-text-editor\" data-id=\"81630f3\" data-element_type=\"widget\" data-widget_type=\"text-editor.default\">\n\t\t\t\t<div class=\"elementor-widget-container\">\n\t\t\t\t\t\t\t<p><b>Einsatzm\u00f6glichkeiten<\/b><\/p><ul><li>Programmierung und Test einer S5-SPS<\/li><li>Treiber f\u00fcr AG90U, AG95U, AG100U CPU103, AG115U CPU943, AG135U CPU928 werden mitgeliefert<\/li><li>Weitere Treiber k\u00f6nnen selbst erstellt werden<\/li><li>Test von SPS-Programmen ohne Automatisierungsger\u00e4t (AG)<\/li><li>Schnelle Entwicklung auch komplizierter Funktionsbausteine mit dem integrierten Debugger<\/li><li>Einfache und schnelle Fehlersuche mit dem Debugger<\/li><li>Einarbeitung in die Step-5 Programmierung ohne AG<\/li><\/ul><p><b>\u00a0<\/b><\/p><p><b>Programmierung<\/b><\/p><ul><li>Eingabe des Programms als Anweisungsliste (AWL) mit dem integrierten Editor<\/li><li>Eigenschaften des Editors:<\/li><li>Automatische Syntaxkontrolle<\/li><li>Kommentareingabe<\/li><li>Symbolische Programmierung<\/li><li>Farbliche Hervorhebung unterschiedlicher Befehlsgruppen<\/li><li>Import \/ Export von Dateien im S5D-Format<\/li><li>Baustein\u00fcbertragung von \/ nach dem AG (bis AG135U) oder zu DOS-AG<\/li><li>Bausteine l\u00f6schen und url\u00f6schen<\/li><li>UStack, BStack<\/li><li>Status Baustein, Status Variable<\/li><li>Komprimieren<\/li><li>Darstellung des Programms als:<\/li><li>Anweisungsliste (AWL)<\/li><li>Funktionsplan (FUP)<\/li><li>Kontaktplan (KOP)<\/li><\/ul><p><b>\u00a0<\/b><\/p><p><b>Diagnose<\/b><\/p><ul><li>Unterbrechungsstack (UStack) und Bearbeitungsstack (BStack)<\/li><li>Anzeige des fehlerhaften Befehls mit dem UStack-Dialog<\/li><li>weitere Diagnosem\u00f6glichkeiten bietet der eingebaute Simulator<\/li><\/ul><p><b>\u00a0<\/b><\/p><p><b>Simulation<\/b><\/p><ul><li>Mit dem Simulator testen Sie ein SPS-Programm ohne da\u00df ein AG angeschlossen sein mu\u00df<\/li><li>W\u00e4hrend der Simulation k\u00f6nnen alle Eing\u00e4nge beliebig ge\u00e4ndert werden<\/li><li>Anzeige des Programms als Anweisungsliste, Funktionsplan oder Kontaktplan<\/li><li>Simulation von analogen Eing\u00e4ngen \u00fcber Schieberegler<\/li><li>Der gesamte Adressbereich des eingestellten AGs wird nachgebildet<\/li><li>Viele integrierte Funktionsbausteine<\/li><\/ul><p><b>\u00a0<\/b><\/p><p><b>Debugger<\/b><\/p><ul><li>Sehr n\u00fctzlich beim Suchen und Finden von Programmfehlern<\/li><li>Die Inhalte der wichtigsten S5-Register k\u00f6nnen dargestellt werden<\/li><li>Setzen von Breakpoints (auch zustandsabh\u00e4ngig)<\/li><li>Einzelschritt-Abarbeitung<\/li><li>Auch der Anlauf kann im Einzelschritt getestet werden<\/li><\/ul><p><b>\u00a0<\/b><\/p><p><b>AG-Maske Simulation<\/b><\/p><ul><li>Die Baugruppen k\u00f6nnen selbst zusammengestellt und beschriftet werden<\/li><li>Es stehen neun Steckpl\u00e4tze zur Verf\u00fcgung<\/li><li>Die Eing\u00e4nge k\u00f6nnen mit der Tastatur oder der Maus ver\u00e4ndert werden<\/li><\/ul><p><b>\u00a0<\/b><\/p><p><b>sonstiges<\/b><\/p><ul><li>Querverweisliste (verzeichnet die Operanden)<\/li><li>Belegungsplan (verzeichnet die verwendeten Eing\u00e4nge, Ausg\u00e4nge und Merker)<\/li><\/ul><p><b>\u00a0<\/b><\/p><p><b>Systemvoraussetzungen<\/b><\/p><ul><li>AT386 oder h\u00f6her mit mindestens 4MB Hauptspeicher (empfohlen wird mindestens ein AT486DX2-66)<\/li><li>Windows 3.1, WfW 3.11 oder Windows95<\/li><\/ul><p>\u00a0<\/p><p>F\u00fcr dieses Programm (nur Erst- und Zusatzlizenzen) k\u00f6nnen Bildungseinrichtungen 20% Nachla\u00df erhalten. Bitte legen Sie der Bestellung einen geeigneten Nachweis bei.<\/p><p>\u00a0<\/p>\t\t\t\t\t\t<\/div>\n\t\t\t\t<\/div>\n\t\t\t\t<div class=\"elementor-element elementor-element-0b22e9b elementor-align-center elementor-widget elementor-widget-button\" data-id=\"0b22e9b\" data-element_type=\"widget\" data-widget_type=\"button.default\">\n\t\t\t\t<div class=\"elementor-widget-container\">\n\t\t\t\t\t<div class=\"elementor-button-wrapper\">\n\t\t\t<a href=\"https:\/\/oktogon.com\/wp\/kontakt\/\" class=\"elementor-button-link elementor-button elementor-size-md\" role=\"button\">\n\t\t\t\t\t\t<span class=\"elementor-button-content-wrapper\">\n\t\t\t\t\t\t<span class=\"elementor-button-text\">Jetzt Download anfragen<\/span>\n\t\t<\/span>\n\t\t\t\t\t<\/a>\n\t\t<\/div>\n\t\t\t\t<\/div>\n\t\t\t\t<\/div>\n\t\t\t\t<div class=\"elementor-element elementor-element-9b2a782 elementor-widget elementor-widget-spacer\" data-id=\"9b2a782\" data-element_type=\"widget\" data-widget_type=\"spacer.default\">\n\t\t\t\t<div class=\"elementor-widget-container\">\n\t\t\t\t\t<div class=\"elementor-spacer\">\n\t\t\t<div class=\"elementor-spacer-inner\"><\/div>\n\t\t<\/div>\n\t\t\t\t<\/div>\n\t\t\t\t<\/div>\n\t\t\t\t\t<\/div>\n\t\t<\/div>\n\t\t\t\t\t\t\t<\/div>\n\t\t<\/section>\n\t\t\t\t\t\t\t<\/div>\n\t\t","protected":false},"excerpt":{"rendered":"<p>WinSPSSPS-Programme auf dem PC entwickeln Version 1.5 WinSPS ist ein Programmiersystem f\u00fcr speicherprogrammierbare Steuerungen (SPS). Es l\u00e4uft unter Windows und ist an die Programmiersprache Step-5 angelehnt. WinSPS erlaubt die Programmierung, Diagnose und Simulation einer SPS. Durch den leistungsf\u00e4higen Simulator ist WinSPS auch f\u00fcr die Aus- und Weiterbildung geeignet. WinSPS wird durch Treiber an die verschiedenen [&hellip;]<\/p>\n","protected":false},"author":4,"featured_media":0,"parent":0,"menu_order":0,"comment_status":"closed","ping_status":"closed","template":"","meta":[],"_links":{"self":[{"href":"https:\/\/oktogon.com\/wp\/wp-json\/wp\/v2\/pages\/933"}],"collection":[{"href":"https:\/\/oktogon.com\/wp\/wp-json\/wp\/v2\/pages"}],"about":[{"href":"https:\/\/oktogon.com\/wp\/wp-json\/wp\/v2\/types\/page"}],"author":[{"embeddable":true,"href":"https:\/\/oktogon.com\/wp\/wp-json\/wp\/v2\/users\/4"}],"replies":[{"embeddable":true,"href":"https:\/\/oktogon.com\/wp\/wp-json\/wp\/v2\/comments?post=933"}],"version-history":[{"count":28,"href":"https:\/\/oktogon.com\/wp\/wp-json\/wp\/v2\/pages\/933\/revisions"}],"predecessor-version":[{"id":1404,"href":"https:\/\/oktogon.com\/wp\/wp-json\/wp\/v2\/pages\/933\/revisions\/1404"}],"wp:attachment":[{"href":"https:\/\/oktogon.com\/wp\/wp-json\/wp\/v2\/media?parent=933"}],"curies":[{"name":"wp","href":"https:\/\/api.w.org\/{rel}","templated":true}]}}